{"id":96,"date":"2024-02-12T22:10:17","date_gmt":"2024-02-12T21:10:17","guid":{"rendered":"https:\/\/softwareconsulting.dk\/?page_id=96"},"modified":"2024-02-14T00:27:55","modified_gmt":"2024-02-13T23:27:55","slug":"er-du-en-mand","status":"publish","type":"page","link":"https:\/\/softwareconsulting.dk\/index.php\/er-du-en-mand\/","title":{"rendered":"Er du en mand?"},"content":{"rendered":"\n<div class=\"wp-block-group alignwide is-layout-flow wp-container-core-group-is-layout-05898ac8 wp-block-group-is-layout-flow\">\n<h1 class=\"wp-block-heading has-text-align-left has-xxl-font-size\">Er du en mand?<\/h1>\n\n\n\n<p class=\"has-text-align-left has-medium-font-size\">M\u00e6nd rammes desv\u00e6rre ogs\u00e5 af kr\u00e6ft. Vi har (endnu) ikke en kaffeklub for m\u00e6nd, men vi kan varmt anbefale Mande-Netv\u00e6rket.<\/p>\n\n\n\n<div class=\"wp-block-group alignfull is-layout-flow wp-container-core-group-is-layout-10d01144 wp-block-group-is-layout-flow\" style=\"margin-top:0px;margin-bottom:0px;padding-top:0px;padding-right:0px;padding-bottom:0px;padding-left:0px\">\n<div class=\"wp-block-columns are-vertically-aligned-center is-layout-flex wp-container-core-columns-is-layout-d2ca7aa4 wp-block-columns-is-layout-flex\">\n<div class=\"wp-block-column is-vertically-aligned-center has-raft-bg-alt-background-color has-background is-layout-flow wp-block-column-is-layout-flow\" style=\"padding-top:32px;padding-right:32px;padding-bottom:32px;padding-left:32px\">\n<figure class=\"wp-block-image aligncenter size-full\"><img loading=\"lazy\" decoding=\"async\" width=\"1350\" height=\"1350\" src=\"https:\/\/softwareconsulting.dk\/wp-content\/uploads\/2024\/02\/MyFile_Maend.jpg\" alt=\"\" class=\"wp-image-160\" srcset=\"https:\/\/softwareconsulting.dk\/wp-content\/uploads\/2024\/02\/MyFile_Maend.jpg 1350w, https:\/\/softwareconsulting.dk\/wp-content\/uploads\/2024\/02\/MyFile_Maend-300x300.jpg 300w, https:\/\/softwareconsulting.dk\/wp-content\/uploads\/2024\/02\/MyFile_Maend-1024x1024.jpg 1024w, https:\/\/softwareconsulting.dk\/wp-content\/uploads\/2024\/02\/MyFile_Maend-150x150.jpg 150w, https:\/\/softwareconsulting.dk\/wp-content\/uploads\/2024\/02\/MyFile_Maend-768x768.jpg 768w\" sizes=\"auto, (max-width: 1350px) 100vw, 1350px\" \/><\/figure>\n<\/div>\n\n\n\n<div class=\"wp-block-column is-vertically-aligned-center is-layout-flow wp-block-column-is-layout-flow\" style=\"padding-top:32px;padding-right:32px;padding-bottom:32px;padding-left:32px\">\n<div class=\"wp-block-group is-layout-constrained wp-container-core-group-is-layout-6d6486c8 wp-block-group-is-layout-constrained\">\n<h2 class=\"wp-block-heading\">Mande-Netv\u00e6rket<\/h2>\n\n\n\n<p>M\u00e6nd er fulde af ressourcer, ogs\u00e5 n\u00e5r en v\u00e6sentlig livsbegivenhed som kr\u00e6ft, rammer.<\/p>\n\n\n\n<p>Mandenetv\u00e6rket er et st\u00e6rkt f\u00e6llesskab for m\u00e6nd med kr\u00e6ft. <\/p>\n\n\n\n<p>I Mandenetv\u00e6rket bliver du en del af en gruppe, der st\u00f8tter hinanden til b\u00e5de at klare kr\u00e6ften &#8211; og stadig leve livet.<\/p>\n\n\n\n<p>Mandenetv\u00e6rket arrangerer forskellige aktiviteter. Og der er mulighed for at tale med andre om din egen situation samt at indsamle viden og erfaring fra de andre m\u00e6nd i netv\u00e6rket.<\/p>\n\n\n\n<h2 class=\"wp-block-heading\">Du er ikke den eneste&#8230;<\/h2>\n\n\n\n<p>Vigtigst er det, at du i mandenetv\u00e6rket m\u00f8der andre m\u00e6nd, som kender din situation. M\u00e6nd som ved besked, fordi de st\u00e5r i den samme situation som dig.<\/p>\n<\/div>\n<\/div>\n<\/div>\n<\/div>\n<\/div>\n\n\n\n<div class=\"wp-block-columns is-layout-flex wp-container-core-columns-is-layout-28f84493 wp-block-columns-is-layout-flex\">\n<div class=\"wp-block-column has-raft-bg-alt-background-color has-background is-layout-flow wp-container-core-column-is-layout-686fca38 wp-block-column-is-layout-flow\" style=\"padding-top:var(--wp--preset--spacing--50);padding-right:var(--wp--preset--spacing--50);padding-bottom:var(--wp--preset--spacing--50);padding-left:var(--wp--preset--spacing--50)\">\n<h3 class=\"wp-block-heading has-medium-font-size\">Praktisk information<\/h3>\n\n\n\n<p>Mandenetv\u00e6rket m\u00f8des i Kr\u00e6ftr\u00e5dgivningen i Aalborg den anden og fjerde onsdag i hver m\u00e5ned fra kl. 17.00-20.00.<\/p>\n\n\n\n<p>Tilmelding er ikke n\u00f8dvendig, s\u00e5 du dukker bare op.<\/p>\n\n\n\n<div class=\"wp-block-buttons is-layout-flex wp-block-buttons-is-layout-flex\">\n<div class=\"wp-block-button is-style-outline is-style-outline--1\"><a class=\"wp-block-button__link wp-element-button\" href=\"https:\/\/www.facebook.com\/MandenetvaerketNordjylland\" target=\"_blank\" rel=\"noreferrer noopener\">L\u00e6s mere om Mandenetv\u00e6rket<\/a><\/div>\n<\/div>\n<\/div>\n<\/div>\n\n\n\n<div class=\"wp-block-group alignfull has-raft-fg-alt-color has-raft-accent-background-color has-text-color has-background is-layout-constrained wp-container-core-group-is-layout-87ba1f51 wp-block-group-is-layout-constrained\" style=\"margin-top:0px;margin-bottom:0px;padding-top:var(--wp--preset--spacing--80);padding-right:var(--wp--preset--spacing--40);padding-bottom:var(--wp--preset--spacing--80);padding-left:var(--wp--preset--spacing--40)\">\n<h2 class=\"wp-block-heading has-text-align-center has-raft-fg-alt-color has-text-color\">\u201dDer findes noget, der er klogere end nogen af os, og det er os alle sammen i f\u00e6llesskab.\u201d<\/h2>\n<\/div>\n","protected":false},"excerpt":{"rendered":"<p>Er du en mand? M\u00e6nd rammes desv\u00e6rre ogs\u00e5 af kr\u00e6ft. Vi har (endnu) ikke en kaffeklub for m\u00e6nd, men vi kan varmt anbefale Mande-Netv\u00e6rket. Mande-Netv\u00e6rket M\u00e6nd er fulde af ressourcer, [&hellip;]<\/p>\n","protected":false},"author":1,"featured_media":0,"parent":0,"menu_order":0,"comment_status":"closed","ping_status":"closed","template":"template-plain","meta":{"_EventAllDay":false,"_EventTimezone":"","_EventStartDate":"","_EventEndDate":"","_EventStartDateUTC":"","_EventEndDateUTC":"","_EventShowMap":false,"_EventShowMapLink":false,"_EventURL":"","_EventCost":"","_EventCostDescription":"","_EventCurrencySymbol":"","_EventCurrencyCode":"","_EventCurrencyPosition":"","_EventDateTimeSeparator":"","_EventTimeRangeSeparator":"","_EventOrganizerID":[],"_EventVenueID":[],"_OrganizerEmail":"","_OrganizerPhone":"","_OrganizerWebsite":"","_VenueAddress":"","_VenueCity":"","_VenueCountry":"","_VenueProvince":"","_VenueState":"","_VenueZip":"","_VenuePhone":"","_VenueURL":"","_VenueStateProvince":"","_VenueLat":"","_VenueLng":"","_VenueShowMap":false,"_VenueShowMapLink":false,"footnotes":""},"class_list":["post-96","page","type-page","status-publish","hentry"],"_links":{"self":[{"href":"https:\/\/softwareconsulting.dk\/index.php\/wp-json\/wp\/v2\/pages\/96","targetHints":{"allow":["GET"]}}],"collection":[{"href":"https:\/\/softwareconsulting.dk\/index.php\/wp-json\/wp\/v2\/pages"}],"about":[{"href":"https:\/\/softwareconsulting.dk\/index.php\/wp-json\/wp\/v2\/types\/page"}],"author":[{"embeddable":true,"href":"https:\/\/softwareconsulting.dk\/index.php\/wp-json\/wp\/v2\/users\/1"}],"replies":[{"embeddable":true,"href":"https:\/\/softwareconsulting.dk\/index.php\/wp-json\/wp\/v2\/comments?post=96"}],"version-history":[{"count":13,"href":"https:\/\/softwareconsulting.dk\/index.php\/wp-json\/wp\/v2\/pages\/96\/revisions"}],"predecessor-version":[{"id":301,"href":"https:\/\/softwareconsulting.dk\/index.php\/wp-json\/wp\/v2\/pages\/96\/revisions\/301"}],"wp:attachment":[{"href":"https:\/\/softwareconsulting.dk\/index.php\/wp-json\/wp\/v2\/media?parent=96"}],"curies":[{"name":"wp","href":"https:\/\/api.w.org\/{rel}","templated":true}]}}