{"id":317,"date":"2024-02-14T17:53:18","date_gmt":"2024-02-14T16:53:18","guid":{"rendered":"https:\/\/softwareconsulting.dk\/?page_id=317"},"modified":"2024-02-14T18:12:26","modified_gmt":"2024-02-14T17:12:26","slug":"kaffeklubber","status":"publish","type":"page","link":"https:\/\/softwareconsulting.dk\/index.php\/kaffeklubber\/","title":{"rendered":"Kaffeklubber"},"content":{"rendered":"\n<div class=\"wp-block-group alignwide is-layout-flow wp-container-core-group-is-layout-05898ac8 wp-block-group-is-layout-flow\">\n<h1 class=\"wp-block-heading has-text-align-left has-xxl-font-size\">Kaffeklubber<\/h1>\n\n\n\n<p class=\"has-text-align-left has-medium-font-size\">Uanset hvor du bor, er du formodentlig ikke den eneste, der er ramt af uhelbredelig kr\u00e6ft. <\/p>\n\n\n\n<div class=\"wp-block-group alignfull is-layout-flow wp-container-core-group-is-layout-10d01144 wp-block-group-is-layout-flow\" style=\"margin-top:0px;margin-bottom:0px;padding-top:0px;padding-right:0px;padding-bottom:0px;padding-left:0px\">\n<div class=\"wp-block-columns is-layout-flex wp-container-core-columns-is-layout-d2ca7aa4 wp-block-columns-is-layout-flex\">\n<div class=\"wp-block-column is-vertically-aligned-center has-raft-bg-alt-background-color has-background is-layout-flow wp-block-column-is-layout-flow\" style=\"padding-top:32px;padding-right:32px;padding-bottom:32px;padding-left:32px\">\n<figure class=\"wp-block-image aligncenter size-full\"><img loading=\"lazy\" decoding=\"async\" width=\"1350\" height=\"1350\" src=\"https:\/\/softwareconsulting.dk\/wp-content\/uploads\/2024\/02\/MyFile_Kaffe_Frederikshavn.jpg\" alt=\"\" class=\"wp-image-153\" srcset=\"https:\/\/softwareconsulting.dk\/wp-content\/uploads\/2024\/02\/MyFile_Kaffe_Frederikshavn.jpg 1350w, https:\/\/softwareconsulting.dk\/wp-content\/uploads\/2024\/02\/MyFile_Kaffe_Frederikshavn-300x300.jpg 300w, https:\/\/softwareconsulting.dk\/wp-content\/uploads\/2024\/02\/MyFile_Kaffe_Frederikshavn-1024x1024.jpg 1024w, https:\/\/softwareconsulting.dk\/wp-content\/uploads\/2024\/02\/MyFile_Kaffe_Frederikshavn-150x150.jpg 150w, https:\/\/softwareconsulting.dk\/wp-content\/uploads\/2024\/02\/MyFile_Kaffe_Frederikshavn-768x768.jpg 768w\" sizes=\"auto, (max-width: 1350px) 100vw, 1350px\" \/><\/figure>\n<\/div>\n\n\n\n<div class=\"wp-block-column is-vertically-aligned-top is-layout-flow wp-block-column-is-layout-flow\" style=\"padding-top:32px;padding-right:32px;padding-bottom:32px;padding-left:32px\">\n<div class=\"wp-block-group is-layout-constrained wp-container-core-group-is-layout-6d6486c8 wp-block-group-is-layout-constrained\">\n<h2 class=\"wp-block-heading\">Kaffeklubber og &#8220;walk-in-caf\u00e9er&#8221;<\/h2>\n\n\n\n<p>Alvorlig livstruende sygdom f\u00f8rer mange tanker og f\u00f8lelser med sig. Det kan v\u00e6re en hj\u00e6lp at m\u00f8de andre i samme situation og udveksle erfaringer og oplevelser.<\/p>\n\n\n\n<p>I MetV\u00e6rket har vi b\u00e5de kaffeklubber og walk-in-caf\u00e9er. <\/p>\n\n\n\n<p>En kaffeklub er en gruppe kvinder, der m\u00f8des regelm\u00e6ssigt &#8211; enten hjemme eller &#8220;ude i byen&#8221;. De aftaler selv hvor og hvorn\u00e5r de skal m\u00f8des og hvad de skal lave sammen. <\/p>\n\n\n\n<p>En walk-in-caf\u00e9 er \u00e5ben gruppe, der m\u00f8des en gang om m\u00e5neden. Kvinder, der m\u00f8des i walk-in-caf\u00e9en, danner ofte en ny kaffeklub, s\u00e5 de kan m\u00f8des oftere\/andre steder. <\/p>\n\n\n\n<p>Du beh\u00f8ver ikke at tilmelde dig du m\u00f8der bare op! <\/p>\n<\/div>\n<\/div>\n<\/div>\n\n\n\n<div class=\"wp-block-columns is-layout-flex wp-container-core-columns-is-layout-d2ca7aa4 wp-block-columns-is-layout-flex\">\n<div class=\"wp-block-column is-vertically-aligned-top is-layout-flow wp-block-column-is-layout-flow\" style=\"padding-top:32px;padding-right:32px;padding-bottom:32px;padding-left:32px\">\n<div class=\"wp-block-group is-layout-constrained wp-container-core-group-is-layout-6d6486c8 wp-block-group-is-layout-constrained\">\n<h2 class=\"wp-block-heading\">Du kan altid m\u00f8de nogen..<\/h2>\n\n\n\n<p>Alle walk-in-caf\u00e9er har en tovhold\/koordinator, der s\u00f8rger for: <\/p>\n\n\n\n<ul class=\"wp-block-list\">\n<li>at caf\u00e9en er \u00e5ben<\/li>\n\n\n\n<li>at der er kaffe\/te p\u00e5 kanden <\/li>\n\n\n\n<li>at du altid vil kunne m\u00f8de nogen, der st\u00e5r i samme situation som dig.<\/li>\n<\/ul>\n<\/div>\n<\/div>\n\n\n\n<div class=\"wp-block-column is-vertically-aligned-top has-raft-bg-alt-background-color has-background is-layout-flow wp-block-column-is-layout-flow\" style=\"padding-top:32px;padding-right:32px;padding-bottom:32px;padding-left:32px\">\n<h2 class=\"wp-block-heading\">Skal der ogs\u00e5 v\u00e6re en kaffeklub i din by?<\/h2>\n\n\n\n<p>Vi er ved at hj\u00e6lpe en gruppe kvinder i Holb\u00e6k med at etablere en ny kaffeklub. Og <strong>vi hj\u00e6lper gerne med etablere en kaffeklub i din by ogs\u00e5.<\/strong><\/p>\n\n\n\n<div class=\"wp-block-buttons is-layout-flex wp-block-buttons-is-layout-flex\">\n<div class=\"wp-block-button is-style-outline is-style-outline--1\"><a class=\"wp-block-button__link wp-element-button\" href=\"mailto:kontakt@metvaerket.dk\" target=\"_blank\" rel=\"noreferrer noopener\"> kontakt@metvaerket.dk<\/a><\/div>\n<\/div>\n<\/div>\n<\/div>\n<\/div>\n\n\n\n<div class=\"wp-block-group alignfull is-layout-flow wp-container-core-group-is-layout-10d01144 wp-block-group-is-layout-flow\" style=\"margin-top:0px;margin-bottom:0px;padding-top:0px;padding-right:0px;padding-bottom:0px;padding-left:0px\">\n<div class=\"wp-block-group alignfull has-raft-fg-alt-color has-raft-accent-background-color has-text-color has-background is-layout-constrained wp-container-core-group-is-layout-87ba1f51 wp-block-group-is-layout-constrained\" style=\"margin-top:0px;margin-bottom:0px;padding-top:var(--wp--preset--spacing--80);padding-right:var(--wp--preset--spacing--40);padding-bottom:var(--wp--preset--spacing--80);padding-left:var(--wp--preset--spacing--40)\">\n<h2 class=\"wp-block-heading has-text-align-center has-raft-fg-alt-color has-text-color\">\u201dLykken er ikke en destination, men en m\u00e5de at rejse p\u00e5.\u201d<\/h2>\n<\/div>\n<\/div>\n<\/div>\n","protected":false},"excerpt":{"rendered":"<p>Kaffeklubber Uanset hvor du bor, er du formodentlig ikke den eneste, der er ramt af uhelbredelig kr\u00e6ft. Kaffeklubber og &#8220;walk-in-caf\u00e9er&#8221; Alvorlig livstruende sygdom f\u00f8rer mange tanker og f\u00f8lelser med sig. [&hellip;]<\/p>\n","protected":false},"author":1,"featured_media":0,"parent":0,"menu_order":0,"comment_status":"closed","ping_status":"closed","template":"template-plain","meta":{"_EventAllDay":false,"_EventTimezone":"","_EventStartDate":"","_EventEndDate":"","_EventStartDateUTC":"","_EventEndDateUTC":"","_EventShowMap":false,"_EventShowMapLink":false,"_EventURL":"","_EventCost":"","_EventCostDescription":"","_EventCurrencySymbol":"","_EventCurrencyCode":"","_EventCurrencyPosition":"","_EventDateTimeSeparator":"","_EventTimeRangeSeparator":"","_EventOrganizerID":[],"_EventVenueID":[],"_OrganizerEmail":"","_OrganizerPhone":"","_OrganizerWebsite":"","_VenueAddress":"","_VenueCity":"","_VenueCountry":"","_VenueProvince":"","_VenueState":"","_VenueZip":"","_VenuePhone":"","_VenueURL":"","_VenueStateProvince":"","_VenueLat":"","_VenueLng":"","_VenueShowMap":false,"_VenueShowMapLink":false,"footnotes":""},"class_list":["post-317","page","type-page","status-publish","hentry"],"_links":{"self":[{"href":"https:\/\/softwareconsulting.dk\/index.php\/wp-json\/wp\/v2\/pages\/317","targetHints":{"allow":["GET"]}}],"collection":[{"href":"https:\/\/softwareconsulting.dk\/index.php\/wp-json\/wp\/v2\/pages"}],"about":[{"href":"https:\/\/softwareconsulting.dk\/index.php\/wp-json\/wp\/v2\/types\/page"}],"author":[{"embeddable":true,"href":"https:\/\/softwareconsulting.dk\/index.php\/wp-json\/wp\/v2\/users\/1"}],"replies":[{"embeddable":true,"href":"https:\/\/softwareconsulting.dk\/index.php\/wp-json\/wp\/v2\/comments?post=317"}],"version-history":[{"count":17,"href":"https:\/\/softwareconsulting.dk\/index.php\/wp-json\/wp\/v2\/pages\/317\/revisions"}],"predecessor-version":[{"id":336,"href":"https:\/\/softwareconsulting.dk\/index.php\/wp-json\/wp\/v2\/pages\/317\/revisions\/336"}],"wp:attachment":[{"href":"https:\/\/softwareconsulting.dk\/index.php\/wp-json\/wp\/v2\/media?parent=317"}],"curies":[{"name":"wp","href":"https:\/\/api.w.org\/{rel}","templated":true}]}}