{"id":204,"date":"2024-02-13T20:47:31","date_gmt":"2024-02-13T19:47:31","guid":{"rendered":"https:\/\/softwareconsulting.dk\/?page_id=204"},"modified":"2024-02-17T21:27:23","modified_gmt":"2024-02-17T20:27:23","slug":"tak-til","status":"publish","type":"page","link":"https:\/\/softwareconsulting.dk\/index.php\/tak-til\/","title":{"rendered":"Tak til"},"content":{"rendered":"\n<div class=\"wp-block-group alignwide is-layout-flow wp-container-core-group-is-layout-05898ac8 wp-block-group-is-layout-flow\">\n<h1 class=\"wp-block-heading has-text-align-left has-xxl-font-size\">Tak til<\/h1>\n\n\n\n<p class=\"has-text-align-left has-medium-font-size\">MetV\u00e6rkets mission er at lave gratis aktiviteter til gl\u00e6de og gavn for mennesker med uhelbredelig kr\u00e6ft og deres p\u00e5r\u00f8rende. Det kan vi ikke g\u00f8re uden hj\u00e6lp \u2013 Vi er derfor meget taknemmelige for den st\u00f8tte vi f\u00e5r.<\/p>\n<\/div>\n\n\n\n<div style=\"height:36px\" aria-hidden=\"true\" class=\"wp-block-spacer\"><\/div>\n\n\n\n<div class=\"wp-block-columns alignwide is-layout-flex wp-container-core-columns-is-layout-9cad5244 wp-block-columns-is-layout-flex\" style=\"margin-top:0;margin-bottom:0\">\n<div class=\"wp-block-column is-layout-flow wp-container-core-column-is-layout-f5bb311e wp-block-column-is-layout-flow\">\n<div class=\"wp-block-group is-layout-constrained wp-block-group-is-layout-constrained\">\n<figure class=\"wp-block-image size-large size-full\"><img loading=\"lazy\" decoding=\"async\" width=\"1024\" height=\"512\" src=\"https:\/\/softwareconsulting.dk\/wp-content\/uploads\/2024\/02\/675_SparekassenKronjylland-1024x512.jpg\" alt=\"\" class=\"wp-image-150\" srcset=\"https:\/\/softwareconsulting.dk\/wp-content\/uploads\/2024\/02\/675_SparekassenKronjylland-1024x512.jpg 1024w, https:\/\/softwareconsulting.dk\/wp-content\/uploads\/2024\/02\/675_SparekassenKronjylland-300x150.jpg 300w, https:\/\/softwareconsulting.dk\/wp-content\/uploads\/2024\/02\/675_SparekassenKronjylland-768x384.jpg 768w, https:\/\/softwareconsulting.dk\/wp-content\/uploads\/2024\/02\/675_SparekassenKronjylland.jpg 1350w\" sizes=\"auto, (max-width: 1024px) 100vw, 1024px\" \/><figcaption class=\"wp-element-caption\">\u201cTak til vores sparekasse for hj\u00e6lp i forbindelse med opstart af foreningen.\u201d&nbsp;<\/figcaption><\/figure>\n<\/div>\n\n\n\n<div class=\"wp-block-buttons is-layout-flex wp-block-buttons-is-layout-flex\">\n<div class=\"wp-block-button is-style-outline is-style-outline--1\"><a class=\"wp-block-button__link wp-element-button\" href=\"https:\/\/www.sparkron.dk\/\" target=\"_blank\" rel=\"noreferrer noopener\">Sparekassen<\/a><\/div>\n<\/div>\n<\/div>\n\n\n\n<div class=\"wp-block-column is-layout-flow wp-container-core-column-is-layout-f5bb311e wp-block-column-is-layout-flow\">\n<figure class=\"wp-block-image size-large size-full\"><img loading=\"lazy\" decoding=\"async\" width=\"1024\" height=\"512\" src=\"https:\/\/softwareconsulting.dk\/wp-content\/uploads\/2024\/02\/675_Frivillighuset_Aalborg-1024x512.jpg\" alt=\"\" class=\"wp-image-146\" srcset=\"https:\/\/softwareconsulting.dk\/wp-content\/uploads\/2024\/02\/675_Frivillighuset_Aalborg-1024x512.jpg 1024w, https:\/\/softwareconsulting.dk\/wp-content\/uploads\/2024\/02\/675_Frivillighuset_Aalborg-300x150.jpg 300w, https:\/\/softwareconsulting.dk\/wp-content\/uploads\/2024\/02\/675_Frivillighuset_Aalborg-768x384.jpg 768w, https:\/\/softwareconsulting.dk\/wp-content\/uploads\/2024\/02\/675_Frivillighuset_Aalborg.jpg 1350w\" sizes=\"auto, (max-width: 1024px) 100vw, 1024px\" \/><figcaption class=\"wp-element-caption\">\u201cTak til De Frivilliges Hus Aalborg Frivillighuset for r\u00e5d og vejledning.\u201d<\/figcaption><\/figure>\n\n\n\n<div class=\"wp-block-buttons is-layout-flex wp-block-buttons-is-layout-flex\">\n<div class=\"wp-block-button is-style-outline is-style-outline--2\"><a class=\"wp-block-button__link wp-element-button\" href=\"https:\/\/frivillighuset.dk\/\" target=\"_blank\" rel=\"noreferrer noopener\">De Frivilliges Hus<\/a><\/div>\n<\/div>\n<\/div>\n\n\n\n<div class=\"wp-block-column is-layout-flow wp-container-core-column-is-layout-f5bb311e wp-block-column-is-layout-flow\">\n<figure class=\"wp-block-image size-large size-full\"><img loading=\"lazy\" decoding=\"async\" width=\"1024\" height=\"512\" src=\"https:\/\/softwareconsulting.dk\/wp-content\/uploads\/2024\/02\/675_LionsClubFrederikshavn-1024x512.jpg\" alt=\"\" class=\"wp-image-149\" srcset=\"https:\/\/softwareconsulting.dk\/wp-content\/uploads\/2024\/02\/675_LionsClubFrederikshavn-1024x512.jpg 1024w, https:\/\/softwareconsulting.dk\/wp-content\/uploads\/2024\/02\/675_LionsClubFrederikshavn-300x150.jpg 300w, https:\/\/softwareconsulting.dk\/wp-content\/uploads\/2024\/02\/675_LionsClubFrederikshavn-768x384.jpg 768w, https:\/\/softwareconsulting.dk\/wp-content\/uploads\/2024\/02\/675_LionsClubFrederikshavn.jpg 1350w\" sizes=\"auto, (max-width: 1024px) 100vw, 1024px\" \/><figcaption class=\"wp-element-caption\">\u201cTak til Lions Club Frederikshavn for en fantastisk SPA-dag p\u00e5 Hotel Viking.\u201d<\/figcaption><\/figure>\n\n\n\n<div class=\"wp-block-buttons is-layout-flex wp-block-buttons-is-layout-flex\">\n<div class=\"wp-block-button is-style-outline is-style-outline--3\"><a class=\"wp-block-button__link wp-element-button\" href=\"https:\/\/frederikshavn.lions.dk\/\" target=\"_blank\" rel=\"noreferrer noopener\">Lions Club Frederikshavn<\/a><\/div>\n<\/div>\n<\/div>\n\n\n\n<div class=\"wp-block-column is-layout-flow wp-container-core-column-is-layout-f5bb311e wp-block-column-is-layout-flow\">\n<figure class=\"wp-block-image size-large size-full\"><img loading=\"lazy\" decoding=\"async\" width=\"1024\" height=\"512\" src=\"https:\/\/softwareconsulting.dk\/wp-content\/uploads\/2024\/02\/675_Grafiker-1024x512.jpg\" alt=\"\" class=\"wp-image-147\" srcset=\"https:\/\/softwareconsulting.dk\/wp-content\/uploads\/2024\/02\/675_Grafiker-1024x512.jpg 1024w, https:\/\/softwareconsulting.dk\/wp-content\/uploads\/2024\/02\/675_Grafiker-300x150.jpg 300w, https:\/\/softwareconsulting.dk\/wp-content\/uploads\/2024\/02\/675_Grafiker-768x384.jpg 768w, https:\/\/softwareconsulting.dk\/wp-content\/uploads\/2024\/02\/675_Grafiker.jpg 1350w\" sizes=\"auto, (max-width: 1024px) 100vw, 1024px\" \/><figcaption class=\"wp-element-caption\">\u201cTak til vores fantastiske grafiker Andreas for hj\u00e6lp til hjemmeside og logo \u2013 og masser af st\u00f8tte og gode r\u00e5d!\u201d&nbsp;<\/figcaption><\/figure>\n<\/div>\n<\/div>\n\n\n\n<div class=\"wp-block-group alignfull has-raft-bg-alt-background-color has-background is-layout-constrained wp-container-core-group-is-layout-73eab25f wp-block-group-is-layout-constrained\" style=\"margin-top:0;margin-bottom:0;padding-top:var(--wp--preset--spacing--80);padding-right:var(--wp--preset--spacing--40);padding-bottom:var(--wp--preset--spacing--80);padding-left:var(--wp--preset--spacing--40)\">\n<div class=\"wp-block-group alignwide is-layout-flow wp-container-core-group-is-layout-19eabfb7 wp-block-group-is-layout-flow\">\n<p class=\"has-text-align-center has-medium-font-size\"><\/p>\n<\/div>\n\n\n\n<div class=\"wp-block-group alignfull has-raft-fg-alt-color has-raft-accent-background-color has-text-color has-background is-layout-constrained wp-container-core-group-is-layout-87ba1f51 wp-block-group-is-layout-constrained\" style=\"margin-top:0px;margin-bottom:0px;padding-top:var(--wp--preset--spacing--80);padding-right:var(--wp--preset--spacing--40);padding-bottom:var(--wp--preset--spacing--80);padding-left:var(--wp--preset--spacing--40)\">\n<h2 class=\"wp-block-heading has-text-align-center has-raft-fg-alt-color has-text-color\">\u201dDet er ligegyldigt, om koppen er halvt tom eller halvt fyldt. Der er helt klart plads til mere kaffe.\u201d<\/h2>\n<\/div>\n<\/div>\n","protected":false},"excerpt":{"rendered":"<p>Tak til MetV\u00e6rkets mission er at lave gratis aktiviteter til gl\u00e6de og gavn for mennesker med uhelbredelig kr\u00e6ft og deres p\u00e5r\u00f8rende. Det kan vi ikke g\u00f8re uden hj\u00e6lp \u2013 Vi [&hellip;]<\/p>\n","protected":false},"author":1,"featured_media":0,"parent":0,"menu_order":0,"comment_status":"closed","ping_status":"closed","template":"template-plain","meta":{"_EventAllDay":false,"_EventTimezone":"","_EventStartDate":"","_EventEndDate":"","_EventStartDateUTC":"","_EventEndDateUTC":"","_EventShowMap":false,"_EventShowMapLink":false,"_EventURL":"","_EventCost":"","_EventCostDescription":"","_EventCurrencySymbol":"","_EventCurrencyCode":"","_EventCurrencyPosition":"","_EventDateTimeSeparator":"","_EventTimeRangeSeparator":"","_EventOrganizerID":[],"_EventVenueID":[],"_OrganizerEmail":"","_OrganizerPhone":"","_OrganizerWebsite":"","_VenueAddress":"","_VenueCity":"","_VenueCountry":"","_VenueProvince":"","_VenueState":"","_VenueZip":"","_VenuePhone":"","_VenueURL":"","_VenueStateProvince":"","_VenueLat":"","_VenueLng":"","_VenueShowMap":false,"_VenueShowMapLink":false,"footnotes":""},"class_list":["post-204","page","type-page","status-publish","hentry"],"_links":{"self":[{"href":"https:\/\/softwareconsulting.dk\/index.php\/wp-json\/wp\/v2\/pages\/204","targetHints":{"allow":["GET"]}}],"collection":[{"href":"https:\/\/softwareconsulting.dk\/index.php\/wp-json\/wp\/v2\/pages"}],"about":[{"href":"https:\/\/softwareconsulting.dk\/index.php\/wp-json\/wp\/v2\/types\/page"}],"author":[{"embeddable":true,"href":"https:\/\/softwareconsulting.dk\/index.php\/wp-json\/wp\/v2\/users\/1"}],"replies":[{"embeddable":true,"href":"https:\/\/softwareconsulting.dk\/index.php\/wp-json\/wp\/v2\/comments?post=204"}],"version-history":[{"count":17,"href":"https:\/\/softwareconsulting.dk\/index.php\/wp-json\/wp\/v2\/pages\/204\/revisions"}],"predecessor-version":[{"id":366,"href":"https:\/\/softwareconsulting.dk\/index.php\/wp-json\/wp\/v2\/pages\/204\/revisions\/366"}],"wp:attachment":[{"href":"https:\/\/softwareconsulting.dk\/index.php\/wp-json\/wp\/v2\/media?parent=204"}],"curies":[{"name":"wp","href":"https:\/\/api.w.org\/{rel}","templated":true}]}}