{"id":110,"date":"2024-02-17T23:10:37","date_gmt":"2024-02-17T22:10:37","guid":{"rendered":"https:\/\/softwareconsulting.dk\/?page_id=110"},"modified":"2024-02-18T00:11:35","modified_gmt":"2024-02-17T23:11:35","slug":"foreningen","status":"publish","type":"page","link":"https:\/\/softwareconsulting.dk\/index.php\/foreningen\/","title":{"rendered":"Foreningen"},"content":{"rendered":"\n<div class=\"wp-block-group alignwide is-layout-flow wp-container-core-group-is-layout-05898ac8 wp-block-group-is-layout-flow\">\n<h1 class=\"wp-block-heading has-text-align-left has-xxl-font-size\">Foreningen MetV\u00e6rket<\/h1>\n\n\n\n<p class=\"has-text-align-left has-medium-font-size\">MetV\u00e6rkets mission er at etablere netv\u00e6rk og lave aktiviteter for mennesker med uhelbredelig og deres p\u00e5r\u00f8rende. <\/p>\n<\/div>\n\n\n\n<div class=\"wp-block-group alignwide is-layout-flow wp-block-group-is-layout-flow\">\n<div class=\"wp-block-columns is-layout-flex wp-container-core-columns-is-layout-28f84493 wp-block-columns-is-layout-flex\">\n<div class=\"wp-block-column has-raft-bg-alt-background-color has-background is-layout-flow wp-container-core-column-is-layout-686fca38 wp-block-column-is-layout-flow\" style=\"padding-top:var(--wp--preset--spacing--50);padding-right:var(--wp--preset--spacing--50);padding-bottom:var(--wp--preset--spacing--50);padding-left:var(--wp--preset--spacing--50)\">\n<h3 class=\"wp-block-heading has-medium-font-size\">Historie<\/h3>\n\n\n\n<p>&#8220;Kaffeklubben i Nordjylland&#8221; blev dannet i 2020 af en gruppe kvinder med uhelbredelig kr\u00e6ft.<\/p>\n\n\n\n<p>Vi kommer fra hele Nordjylland fra Skagen til Hadsund og m\u00f8des til forskellige aktiviteter fx. g\u00e5ture, sv\u00f8mning, restaurantbes\u00f8g og \u201dhjemme hos\u201d arrangementer.<\/p>\n\n\n\n<p>Men erfaringen har vist, at det p\u00e5 et tidspunkt bliver sv\u00e6rt i k\u00f8re langt for at m\u00f8des.<\/p>\n\n\n\n<p>Vi har startet foreningen MetV\u00e6rket, s\u00e5 vi kunne etablere kaffeklubber\/netv\u00e6rkscaf\u00e9er i flere steder i Nordjylland.<\/p>\n<\/div>\n\n\n\n<div class=\"wp-block-column has-raft-bg-alt-background-color has-background is-layout-flow wp-container-core-column-is-layout-686fca38 wp-block-column-is-layout-flow\" style=\"padding-top:var(--wp--preset--spacing--50);padding-right:var(--wp--preset--spacing--50);padding-bottom:var(--wp--preset--spacing--50);padding-left:var(--wp--preset--spacing--50)\">\n<h3 class=\"wp-block-heading has-medium-font-size\">MetV\u00e6rket<\/h3>\n\n\n\n<p>MetV\u00e6rket er et netv\u00e6rk for mennesker med metastatisk kr\u00e6ft.<\/p>\n\n\n\n<p><strong>MetV\u00e6rkets mission er:<br>\u2022 At etablere netv\u00e6rksgrupper for mennesker med uhelbredelig kr\u00e6ft.<br>\u2022 At lave aktiviteter til gl\u00e6de og gavn for mennesker med uhelbredelig kr\u00e6ft og deres p\u00e5r\u00f8rende.<\/strong><\/p>\n\n\n\n<p>Du kan l\u00e6se referatet fra vores landsm\u00f8de her:<\/p>\n\n\n\n<div class=\"wp-block-buttons is-layout-flex wp-block-buttons-is-layout-flex\">\n<div class=\"wp-block-button is-style-outline is-style-outline--1\"><a class=\"wp-block-button__link wp-element-button\" href=\"https:\/\/softwareconsulting.dk\/wp-content\/uploads\/2024\/02\/DagsordenReferat-15-12-2023.pdf\" target=\"_blank\" rel=\"noreferrer noopener\">Stiftende Landsm\u00f8de<\/a><\/div>\n<\/div>\n<\/div>\n<\/div>\n\n\n\n<div class=\"wp-block-columns is-layout-flex wp-container-core-columns-is-layout-28f84493 wp-block-columns-is-layout-flex\">\n<div class=\"wp-block-column has-raft-bg-alt-background-color has-background is-layout-flow wp-container-core-column-is-layout-686fca38 wp-block-column-is-layout-flow\" style=\"padding-top:var(--wp--preset--spacing--50);padding-right:var(--wp--preset--spacing--50);padding-bottom:var(--wp--preset--spacing--50);padding-left:var(--wp--preset--spacing--50)\">\n<h3 class=\"wp-block-heading has-medium-font-size\">Landsforeningen<\/h3>\n\n\n\n<p>Vi har valgt at organisere MetV\u00e6rket som en landsforening med en r\u00e6kke Kaffeklubber\/lokalafdelinger.<\/p>\n\n\n\n<p>Form\u00e5let med denne organisationsform er, at det skal v\u00e6re enkelt at etablere kaffeklubber eller lokalafdelinger, der opfylder de generelle krav til en forening.<\/p>\n\n\n\n<figure class=\"wp-block-image size-large\"><img loading=\"lazy\" decoding=\"async\" width=\"1024\" height=\"221\" src=\"https:\/\/softwareconsulting.dk\/wp-content\/uploads\/2024\/02\/organisationsdiagram-1024x221.jpg\" alt=\"\" class=\"wp-image-387\" srcset=\"https:\/\/softwareconsulting.dk\/wp-content\/uploads\/2024\/02\/organisationsdiagram-1024x221.jpg 1024w, https:\/\/softwareconsulting.dk\/wp-content\/uploads\/2024\/02\/organisationsdiagram-300x65.jpg 300w, https:\/\/softwareconsulting.dk\/wp-content\/uploads\/2024\/02\/organisationsdiagram-768x166.jpg 768w, https:\/\/softwareconsulting.dk\/wp-content\/uploads\/2024\/02\/organisationsdiagram.jpg 1350w\" sizes=\"auto, (max-width: 1024px) 100vw, 1024px\" \/><\/figure>\n\n\n\n<p>Landsforeningen ledes af en bestyrelse, der er valgt p\u00e5 det \u00e5rlige landsm\u00f8de. Der kan frit neds\u00e6ttes udvalg til at varetage forskellige opgave. <\/p>\n\n\n\n<p>MetV\u00e6rket drives af ul\u00f8nnede frivillige. Foreningen d\u00e6kker udgifter i forbindelse med aktiviteter, men intet medlem af foreningen m\u00e5 modtage vederlag for det arbejde, de udf\u00f8rer.<\/p>\n\n\n\n<p>Landsforeningen driver MetV\u00e6rkets hjemmeside og telefonlinje. <\/p>\n\n\n\n<div class=\"wp-block-buttons is-layout-flex wp-block-buttons-is-layout-flex\">\n<div class=\"wp-block-button\"><a class=\"wp-block-button__link wp-element-button\" href=\"https:\/\/softwareconsulting.dk\/wp-content\/uploads\/2024\/02\/Vedtaegter-for-MetVaerket.pdf\" target=\"_blank\" rel=\"noreferrer noopener\">Vedt\u00e6gter for MetV\u00e6rket<\/a><\/div>\n<\/div>\n<\/div>\n\n\n\n<div class=\"wp-block-column has-raft-bg-alt-background-color has-background is-layout-flow wp-container-core-column-is-layout-686fca38 wp-block-column-is-layout-flow\" style=\"padding-top:var(--wp--preset--spacing--50);padding-right:var(--wp--preset--spacing--50);padding-bottom:var(--wp--preset--spacing--50);padding-left:var(--wp--preset--spacing--50)\">\n<h3 class=\"wp-block-heading has-medium-font-size\">Lokalafdelinger\/kaffeklubber<\/h3>\n\n\n\n<p>MetV\u00e6rket bist\u00e5r gerne kvinder med at etablere kaffeklubber\/lokalafdelinger (ogs\u00e5 udenfor Nordjylland).<\/p>\n\n\n\n<p>En kaffeklub best\u00e5r af en gruppe kvinder, der m\u00f8des regelm\u00e6ssigt. Kaffeklubben kan v\u00e6re \u00e5ben\/lukket. Kaffeklubbens medlemmer beh\u00f8ver <strong>ikke<\/strong> v\u00e6re medlemmer af MetV\u00e6rket.<\/p>\n\n\n\n<p>En Lokalafdeling ledes af en bestyrelse p\u00e5 mindst 2 medlemmer, der er valgt p\u00e5 en lokal  generalforsamling. Lokalafdelingen er \u00e5ben for alle mennesker, der er ramt af uhelbredelig kr\u00e6ft i det omr\u00e5de lokalafdelingen d\u00e6kker. <\/p>\n\n\n\n<p>Medlemmer af en lokalafdeling skal v\u00e6re medlem af landforeningen &#8211; men alle indt\u00e6gter fra en lokalafdeling f\u00f8res tilbage til lokalafdelingen.<\/p>\n\n\n\n<p><sub>Hvis en lokalafdeling \u00f8nsker at s\u00f8ge kommunalt tilskud efter folkeoplysningsloven, skal de have mindst 5 betalende medlemmer.<\/sub><\/p>\n\n\n\n<div class=\"wp-block-buttons is-layout-flex wp-block-buttons-is-layout-flex\">\n<div class=\"wp-block-button\"><a class=\"wp-block-button__link wp-element-button\" href=\"https:\/\/softwareconsulting.dk\/wp-content\/uploads\/2024\/02\/Vedtaegter-for-Lokalafdelinger-i-MetVaerket.pdf\" target=\"_blank\" rel=\"noreferrer noopener\">Vedt\u00e6gter for Lokalafdeling<\/a><\/div>\n<\/div>\n<\/div>\n<\/div>\n<\/div>\n\n\n\n<div class=\"wp-block-group alignfull has-raft-fg-alt-color has-raft-accent-background-color has-text-color has-background is-layout-constrained wp-container-core-group-is-layout-87ba1f51 wp-block-group-is-layout-constrained\" style=\"margin-top:0px;margin-bottom:0px;padding-top:var(--wp--preset--spacing--80);padding-right:var(--wp--preset--spacing--40);padding-bottom:var(--wp--preset--spacing--80);padding-left:var(--wp--preset--spacing--40)\">\n<h2 class=\"wp-block-heading has-text-align-center has-raft-fg-alt-color has-text-color\">\u201cLivet er som en delebilsordning. Man kommer l\u00e6ngere, hvis man tager nogle andre mennesker med sig!\u201d<\/h2>\n<\/div>\n","protected":false},"excerpt":{"rendered":"<p>Foreningen MetV\u00e6rket MetV\u00e6rkets mission er at etablere netv\u00e6rk og lave aktiviteter for mennesker med uhelbredelig og deres p\u00e5r\u00f8rende. Historie &#8220;Kaffeklubben i Nordjylland&#8221; blev dannet i 2020 af en gruppe kvinder [&hellip;]<\/p>\n","protected":false},"author":1,"featured_media":0,"parent":0,"menu_order":0,"comment_status":"closed","ping_status":"closed","template":"template-plain","meta":{"_EventAllDay":false,"_EventTimezone":"","_EventStartDate":"","_EventEndDate":"","_EventStartDateUTC":"","_EventEndDateUTC":"","_EventShowMap":false,"_EventShowMapLink":false,"_EventURL":"","_EventCost":"","_EventCostDescription":"","_EventCurrencySymbol":"","_EventCurrencyCode":"","_EventCurrencyPosition":"","_EventDateTimeSeparator":"","_EventTimeRangeSeparator":"","_EventOrganizerID":[],"_EventVenueID":[],"_OrganizerEmail":"","_OrganizerPhone":"","_OrganizerWebsite":"","_VenueAddress":"","_VenueCity":"","_VenueCountry":"","_VenueProvince":"","_VenueState":"","_VenueZip":"","_VenuePhone":"","_VenueURL":"","_VenueStateProvince":"","_VenueLat":"","_VenueLng":"","_VenueShowMap":false,"_VenueShowMapLink":false,"footnotes":""},"class_list":["post-110","page","type-page","status-publish","hentry"],"_links":{"self":[{"href":"https:\/\/softwareconsulting.dk\/index.php\/wp-json\/wp\/v2\/pages\/110","targetHints":{"allow":["GET"]}}],"collection":[{"href":"https:\/\/softwareconsulting.dk\/index.php\/wp-json\/wp\/v2\/pages"}],"about":[{"href":"https:\/\/softwareconsulting.dk\/index.php\/wp-json\/wp\/v2\/types\/page"}],"author":[{"embeddable":true,"href":"https:\/\/softwareconsulting.dk\/index.php\/wp-json\/wp\/v2\/users\/1"}],"replies":[{"embeddable":true,"href":"https:\/\/softwareconsulting.dk\/index.php\/wp-json\/wp\/v2\/comments?post=110"}],"version-history":[{"count":51,"href":"https:\/\/softwareconsulting.dk\/index.php\/wp-json\/wp\/v2\/pages\/110\/revisions"}],"predecessor-version":[{"id":421,"href":"https:\/\/softwareconsulting.dk\/index.php\/wp-json\/wp\/v2\/pages\/110\/revisions\/421"}],"wp:attachment":[{"href":"https:\/\/softwareconsulting.dk\/index.php\/wp-json\/wp\/v2\/media?parent=110"}],"curies":[{"name":"wp","href":"https:\/\/api.w.org\/{rel}","templated":true}]}}