{"id":103,"date":"2024-02-12T22:22:49","date_gmt":"2024-02-12T21:22:49","guid":{"rendered":"https:\/\/softwareconsulting.dk\/?page_id=103"},"modified":"2024-02-12T22:44:59","modified_gmt":"2024-02-12T21:44:59","slug":"frederikshavn","status":"publish","type":"page","link":"https:\/\/softwareconsulting.dk\/index.php\/frederikshavn\/","title":{"rendered":"Frederikshavn"},"content":{"rendered":"\n<div class=\"wp-block-group alignwide is-layout-flow wp-container-core-group-is-layout-05898ac8 wp-block-group-is-layout-flow\">\n<h1 class=\"wp-block-heading has-text-align-left has-xxl-font-size\">Frederikshavn<\/h1>\n\n\n\n<p class=\"has-text-align-left has-medium-font-size\">I vores \u201dwalk-in-caf\u00e9\u201d kan du m\u00f8de andre kvinder, der ogs\u00e5 lever med kronisk kr\u00e6ft.<\/p>\n<\/div>\n\n\n\n<div class=\"wp-block-group alignfull is-layout-flow wp-container-core-group-is-layout-10d01144 wp-block-group-is-layout-flow\" style=\"margin-top:0px;margin-bottom:0px;padding-top:0px;padding-right:0px;padding-bottom:0px;padding-left:0px\">\n<div class=\"wp-block-columns are-vertically-aligned-center is-layout-flex wp-container-core-columns-is-layout-d2ca7aa4 wp-block-columns-is-layout-flex\">\n<div class=\"wp-block-column is-vertically-aligned-center has-raft-bg-alt-background-color has-background is-layout-flow wp-block-column-is-layout-flow\" style=\"padding-top:32px;padding-right:32px;padding-bottom:32px;padding-left:32px\">\n<figure class=\"wp-block-image aligncenter size-full\"><img loading=\"lazy\" decoding=\"async\" width=\"1350\" height=\"1350\" src=\"https:\/\/softwareconsulting.dk\/wp-content\/uploads\/2024\/02\/MyFile_Kaffe_Frederikshavn.jpg\" alt=\"\" class=\"wp-image-153\" srcset=\"https:\/\/softwareconsulting.dk\/wp-content\/uploads\/2024\/02\/MyFile_Kaffe_Frederikshavn.jpg 1350w, https:\/\/softwareconsulting.dk\/wp-content\/uploads\/2024\/02\/MyFile_Kaffe_Frederikshavn-300x300.jpg 300w, https:\/\/softwareconsulting.dk\/wp-content\/uploads\/2024\/02\/MyFile_Kaffe_Frederikshavn-1024x1024.jpg 1024w, https:\/\/softwareconsulting.dk\/wp-content\/uploads\/2024\/02\/MyFile_Kaffe_Frederikshavn-150x150.jpg 150w, https:\/\/softwareconsulting.dk\/wp-content\/uploads\/2024\/02\/MyFile_Kaffe_Frederikshavn-768x768.jpg 768w\" sizes=\"auto, (max-width: 1350px) 100vw, 1350px\" \/><\/figure>\n<\/div>\n\n\n\n<div class=\"wp-block-column is-vertically-aligned-center is-layout-flow wp-block-column-is-layout-flow\" style=\"padding-top:32px;padding-right:32px;padding-bottom:32px;padding-left:32px\">\n<div class=\"wp-block-group is-layout-constrained wp-container-core-group-is-layout-6d6486c8 wp-block-group-is-layout-constrained\">\n<h2 class=\"wp-block-heading\">Kaffeklubben i Frederikshavn<\/h2>\n\n\n\n<ul class=\"wp-block-list\">\n<li>Hygge<\/li>\n\n\n\n<li>Sammenhold<\/li>\n\n\n\n<li>Forst\u00e5else<\/li>\n<\/ul>\n\n\n\n<p>Har du lyst til at blive m\u00f8dt i det, der fylder i livet, n\u00e5r man har en kronisk kr\u00e6ftdiagnose? Det kan v\u00e6re \u00f8konomi, behandling, b\u00f8rn, venskaber og familie \u2013 eller bekymringer for fremtiden.<\/p>\n\n\n\n<p>Kaffeklubben m\u00f8des <strong>den sidste tirsdag i m\u00e5neden<\/strong>.<\/p>\n\n\n\n<p>i <strong>De Frivilliges Hus<\/strong>, Danmarksgade 12, 9900 Frederikshavn.<\/p>\n\n\n\n<p>N\u00e6ste m\u00f8de er:<\/p>\n\n\n\n<ul class=\"wp-block-list\">\n<li>Tirsdag 27\/2 2024<\/li>\n\n\n\n<li>Kl. 14:00 \u2013 16:00<\/li>\n<\/ul>\n\n\n\n<p>Du beh\u00f8ver ikke at tilmelde dig, du m\u00f8der bare op!<\/p>\n<\/div>\n<\/div>\n<\/div>\n\n\n\n<div class=\"wp-block-columns are-vertically-aligned-center is-layout-flex wp-container-core-columns-is-layout-d2ca7aa4 wp-block-columns-is-layout-flex\">\n<div class=\"wp-block-column is-vertically-aligned-center is-layout-flow wp-block-column-is-layout-flow\" style=\"padding-top:32px;padding-right:32px;padding-bottom:32px;padding-left:32px\">\n<div class=\"wp-block-group is-layout-constrained wp-container-core-group-is-layout-6d6486c8 wp-block-group-is-layout-constrained\">\n<h2 class=\"wp-block-heading\">Kontakt<\/h2>\n\n\n\n<p><strong>Kaffeklubben i Frederikshavn<\/strong><\/p>\n\n\n\n<p>Koordinator: Jenny Krogh <\/p>\n\n\n\n<p>Skriv til: jenny@metvaerket.dk<\/p>\n<\/div>\n<\/div>\n\n\n\n<div class=\"wp-block-column is-vertically-aligned-center has-raft-bg-alt-background-color has-background is-layout-flow wp-block-column-is-layout-flow\" style=\"padding-top:32px;padding-right:32px;padding-bottom:32px;padding-left:32px\">\n<figure class=\"wp-block-image aligncenter size-full is-style-rounded\"><img loading=\"lazy\" decoding=\"async\" width=\"1350\" height=\"1350\" src=\"https:\/\/softwareconsulting.dk\/wp-content\/uploads\/2024\/02\/MyFile_JennyKrogh.jpg\" alt=\"\" class=\"wp-image-156\" srcset=\"https:\/\/softwareconsulting.dk\/wp-content\/uploads\/2024\/02\/MyFile_JennyKrogh.jpg 1350w, https:\/\/softwareconsulting.dk\/wp-content\/uploads\/2024\/02\/MyFile_JennyKrogh-300x300.jpg 300w, https:\/\/softwareconsulting.dk\/wp-content\/uploads\/2024\/02\/MyFile_JennyKrogh-1024x1024.jpg 1024w, https:\/\/softwareconsulting.dk\/wp-content\/uploads\/2024\/02\/MyFile_JennyKrogh-150x150.jpg 150w, https:\/\/softwareconsulting.dk\/wp-content\/uploads\/2024\/02\/MyFile_JennyKrogh-768x768.jpg 768w\" sizes=\"auto, (max-width: 1350px) 100vw, 1350px\" \/><\/figure>\n<\/div>\n<\/div>\n\n\n\n<div class=\"wp-block-group alignfull has-raft-fg-alt-color has-raft-accent-background-color has-text-color has-background is-layout-constrained wp-container-core-group-is-layout-87ba1f51 wp-block-group-is-layout-constrained\" style=\"margin-top:0px;margin-bottom:0px;padding-top:var(--wp--preset--spacing--80);padding-right:var(--wp--preset--spacing--40);padding-bottom:var(--wp--preset--spacing--80);padding-left:var(--wp--preset--spacing--40)\">\n<h2 class=\"wp-block-heading has-text-align-center has-raft-fg-alt-color has-text-color\">\u201cDu lever kun \u00e9n gang, men hvis du lever det rigtigt, er det ogs\u00e5 nok.\u201d<\/h2>\n<\/div>\n<\/div>\n","protected":false},"excerpt":{"rendered":"<p>Frederikshavn I vores \u201dwalk-in-caf\u00e9\u201d kan du m\u00f8de andre kvinder, der ogs\u00e5 lever med kronisk kr\u00e6ft. Kaffeklubben i Frederikshavn Har du lyst til at blive m\u00f8dt i det, der fylder i [&hellip;]<\/p>\n","protected":false},"author":1,"featured_media":0,"parent":0,"menu_order":0,"comment_status":"closed","ping_status":"closed","template":"template-plain","meta":{"_EventAllDay":false,"_EventTimezone":"","_EventStartDate":"","_EventEndDate":"","_EventStartDateUTC":"","_EventEndDateUTC":"","_EventShowMap":false,"_EventShowMapLink":false,"_EventURL":"","_EventCost":"","_EventCostDescription":"","_EventCurrencySymbol":"","_EventCurrencyCode":"","_EventCurrencyPosition":"","_EventDateTimeSeparator":"","_EventTimeRangeSeparator":"","_EventOrganizerID":[],"_EventVenueID":[],"_OrganizerEmail":"","_OrganizerPhone":"","_OrganizerWebsite":"","_VenueAddress":"","_VenueCity":"","_VenueCountry":"","_VenueProvince":"","_VenueState":"","_VenueZip":"","_VenuePhone":"","_VenueURL":"","_VenueStateProvince":"","_VenueLat":"","_VenueLng":"","_VenueShowMap":false,"_VenueShowMapLink":false,"footnotes":""},"class_list":["post-103","page","type-page","status-publish","hentry"],"_links":{"self":[{"href":"https:\/\/softwareconsulting.dk\/index.php\/wp-json\/wp\/v2\/pages\/103","targetHints":{"allow":["GET"]}}],"collection":[{"href":"https:\/\/softwareconsulting.dk\/index.php\/wp-json\/wp\/v2\/pages"}],"about":[{"href":"https:\/\/softwareconsulting.dk\/index.php\/wp-json\/wp\/v2\/types\/page"}],"author":[{"embeddable":true,"href":"https:\/\/softwareconsulting.dk\/index.php\/wp-json\/wp\/v2\/users\/1"}],"replies":[{"embeddable":true,"href":"https:\/\/softwareconsulting.dk\/index.php\/wp-json\/wp\/v2\/comments?post=103"}],"version-history":[{"count":9,"href":"https:\/\/softwareconsulting.dk\/index.php\/wp-json\/wp\/v2\/pages\/103\/revisions"}],"predecessor-version":[{"id":180,"href":"https:\/\/softwareconsulting.dk\/index.php\/wp-json\/wp\/v2\/pages\/103\/revisions\/180"}],"wp:attachment":[{"href":"https:\/\/softwareconsulting.dk\/index.php\/wp-json\/wp\/v2\/media?parent=103"}],"curies":[{"name":"wp","href":"https:\/\/api.w.org\/{rel}","templated":true}]}}